{"id":32,"date":"2016-01-30T09:13:50","date_gmt":"2016-01-30T09:13:50","guid":{"rendered":"http:\/\/allan-kelli.com\/br\/?page_id=32"},"modified":"2016-05-18T00:30:07","modified_gmt":"2016-05-18T00:30:07","slug":"casamento","status":"publish","type":"page","link":"http:\/\/allan-kelli.com\/br\/pt\/casamento\/","title":{"rendered":"Nosso Casamento"},"content":{"rendered":"<p><span style=\"color: #000000;\"><strong>A Celebra\u00e7\u00e3o<\/strong><\/span><\/p>\n<p><span style=\"color: #000000;\">Todo esse tempo, drama\u00a0e estresse para eu conseguir o visto de noivo e finalmente entrar nos EUA, nos deixaram mais confiantes para tomarmos a decis\u00e3o de nos casar no templo (com efeito civil) antes da festa e sem a presen\u00e7a de familiares ou amigos! (nos EUA isso se chama &#8220;<em>eloping<\/em>&#8220;, um termo j\u00e1 bem conhecido por aqui) A experi\u00eancia foi incr\u00edvel e recomendamos a todos que ainda pretendem se casar!.. \u00a0haha\u00a0<\/span><\/p>\n<p><span style=\"color: #000000;\">Agora \u00e9 a vez de celebrar com voc\u00eas esse momento especial e \u00fanico em nossas vidas!<\/span><\/p>\n<p><span style=\"color: #000000;\">N\u00f3s decidimos celebrar nosso matrim\u00f4nio em Danville, pr\u00f3ximo \u00e0\u00a0San Francisco, Calif\u00f3rnia,\u00a0no <strong>dia 11 de Junho de 2016<\/strong>.<\/span><\/p>\n<p><span style=\"color: #000000;\">Optamos por algo n\u00e3o muito tradicional. Ent\u00e3o, venha vestido(a) confortavelmente (esporte fino) e preparado(a) para curtir gente feliz, boa m\u00fasica e comidinha gostosa!<\/span><\/p>\n<p><span style=\"color: #000000;\">Para aqueles amigos que n\u00e3o conseguirem participar dessa celebra\u00e7\u00e3o na Calif\u00f3rnia e gostariam de uma outra alternativa, n\u00f3s teremos mais uma festa perto de\u00a0Houston, Texas, no <strong>dia 25 de Junho de 2016<\/strong>, tamb\u00e9m casual.<\/span><\/p>\n<p><span style=\"color: #000000;\"><strong>Local<\/strong><\/span><\/p>\n<p><span style=\"color: #000000;\">A festa ser\u00e1 em Danville, Calif\u00f3rnia, na casa de nossos querid\u00edssimos Michael e Shelley Peterson. O endere\u00e7o estar\u00e1 em seu convite!<\/span><\/p>\n<p><span style=\"color: #000000;\">A outra festa, perto de Houston, ser\u00e1 em Richmond, Texas.<\/span><\/p>\n<p><span style=\"color: #000000;\"><strong>Presentes<\/strong><\/span><\/p>\n<p><span style=\"color: #000000;\">Sua amizade j\u00e1 \u00e9 um grande presente em nossas vidas!<\/span><br \/>\n<span style=\"color: #333333;\"><span style=\"color: #000000;\"> Por\u00e9m, ficar\u00edamos felizes e muito agradecidos se voc\u00ea quiser nos presentear, contribuindo com nossa lua de mel, pr\u00f3ximas viagens ao Brasil, os benditos custos\u00a0de imigra\u00e7\u00e3o, etc&#8230; kkkk.\u00a0Clique<\/span>\u00a0<strong><span style=\"color: #800080;\"><a style=\"color: #800080;\" href=\"http:\/\/allan-kelli.com\/br\/pt\/presentes\/\">aqui<\/a><\/span><\/strong>.<\/span><\/p>\n<p><span style=\"color: #333333;\"><strong>RSVP<\/strong><\/span><\/p>\n<p><span style=\"color: #333333;\">Se voc\u00ea j\u00e1 recebeu seu convite e precisa confirmar presen\u00e7a, clique\u00a0<strong><span style=\"color: #800080;\"><a style=\"color: #800080;\" href=\"http:\/\/allan-kelli.com\/br\/pt\/casamento\/confirmar-presenca\/confirmar-presenca\/\" target=\"_blank\">aqui<\/a><\/span><\/strong>.<\/span><br \/>\n<span style=\"color: #333333;\"> Se n\u00f3s ainda n\u00e3o temos o\u00a0seu endere\u00e7o para te enviar um convite, clique\u00a0<strong><span style=\"color: #800080;\"><a style=\"color: #800080;\" href=\"http:\/\/allan-kelli.com\/br\/pt\/casamento\/confirmar-presenca\/por-favor-adicione-seu-endereco\/\" target=\"_blank\">aqui<\/a><\/span><\/strong>.<\/span><\/p>\n<p>&nbsp;<\/p>\n<p>&nbsp;<\/p>\n<p>&nbsp;<\/p>\n<p>&nbsp;<\/p>\n<p>&nbsp;<\/p>\n<p>&nbsp;<\/p>\n<p>&nbsp;<\/p>\n","protected":false},"excerpt":{"rendered":"<p><span style=\"color: #000000;\"><strong>A Celebra\u00e7\u00e3o<\/strong><\/span><\/p>\n<p><span style=\"color: #000000;\">Todo esse tempo, drama\u00a0e estresse para eu conseguir o visto de noivo e finalmente entrar nos EUA, nos deixaram mais confiantes para tomarmos a decis\u00e3o&#8230;<\/p>\n","protected":false},"author":1,"featured_media":0,"parent":0,"menu_order":0,"comment_status":"closed","ping_status":"closed","template":"","meta":{"footnotes":""},"class_list":["post-32","page","type-page","status-publish","hentry"],"_links":{"self":[{"href":"http:\/\/allan-kelli.com\/br\/wp-json\/wp\/v2\/pages\/32","targetHints":{"allow":["GET"]}}],"collection":[{"href":"http:\/\/allan-kelli.com\/br\/wp-json\/wp\/v2\/pages"}],"about":[{"href":"http:\/\/allan-kelli.com\/br\/wp-json\/wp\/v2\/types\/page"}],"author":[{"embeddable":true,"href":"http:\/\/allan-kelli.com\/br\/wp-json\/wp\/v2\/users\/1"}],"replies":[{"embeddable":true,"href":"http:\/\/allan-kelli.com\/br\/wp-json\/wp\/v2\/comments?post=32"}],"version-history":[{"count":11,"href":"http:\/\/allan-kelli.com\/br\/wp-json\/wp\/v2\/pages\/32\/revisions"}],"predecessor-version":[{"id":157,"href":"http:\/\/allan-kelli.com\/br\/wp-json\/wp\/v2\/pages\/32\/revisions\/157"}],"wp:attachment":[{"href":"http:\/\/allan-kelli.com\/br\/wp-json\/wp\/v2\/media?parent=32"}],"curies":[{"name":"wp","href":"https:\/\/api.w.org\/{rel}","templated":true}]}}