{"id":40,"date":"2016-02-10T01:13:37","date_gmt":"2016-02-10T01:13:37","guid":{"rendered":"http:\/\/allan-kelli.com\/br\/?page_id=40"},"modified":"2016-03-30T06:15:12","modified_gmt":"2016-03-30T06:15:12","slug":"confirmar-presenca","status":"publish","type":"page","link":"http:\/\/allan-kelli.com\/br\/pt\/casamento\/confirmar-presenca\/","title":{"rendered":"Confirmar Presen\u00e7a"},"content":{"rendered":"<p><span style=\"color: #333333;\">Se voc\u00ea j\u00e1 recebeu seu convite e precisa confirmar presen\u00e7a, clique<\/span>\u00a0<a href=\"http:\/\/allan-kelli.com\/br\/pt\/casamento\/confirmar-presenca\/confirmar-presenca\/\">AQUI<\/a>.<\/p>\n<p>&nbsp;<\/p>\n<p><span style=\"color: #333333;\">Se n\u00f3s ainda precisamos de seu endere\u00e7o para te enviar um convite, clique<\/span>\u00a0<a href=\"http:\/\/allan-kelli.com\/br\/pt\/casamento\/confirmar-presenca\/por-favor-adicione-seu-endereco\/\">AQUI<\/a>.<\/p>\n<p>&nbsp;<\/p>\n<p>&nbsp;<\/p>\n<p>&nbsp;<\/p>\n<p>&nbsp;<\/p>\n<p>&nbsp;<\/p>\n<p>&nbsp;<\/p>\n<p>&nbsp;<\/p>\n<p>&nbsp;<\/p>\n<p>&nbsp;<\/p>\n","protected":false},"excerpt":{"rendered":"<p><span style=\"color: #333333;\">Se voc\u00ea j\u00e1 recebeu seu convite e precisa confirmar presen\u00e7a, clique<\/span>\u00a0<a href=\"http:\/\/allan-kelli.com\/br\/pt\/casamento\/confirmar-presenca\/confirmar-presenca\/\">AQUI<\/a>.<\/p>\n<p>&nbsp;<\/p>\n<p><span style=\"color: #333333;\">Se n&#8230;<\/p>\n","protected":false},"author":1,"featured_media":0,"parent":32,"menu_order":0,"comment_status":"closed","ping_status":"closed","template":"","meta":{"footnotes":""},"class_list":["post-40","page","type-page","status-publish","hentry"],"_links":{"self":[{"href":"http:\/\/allan-kelli.com\/br\/wp-json\/wp\/v2\/pages\/40","targetHints":{"allow":["GET"]}}],"collection":[{"href":"http:\/\/allan-kelli.com\/br\/wp-json\/wp\/v2\/pages"}],"about":[{"href":"http:\/\/allan-kelli.com\/br\/wp-json\/wp\/v2\/types\/page"}],"author":[{"embeddable":true,"href":"http:\/\/allan-kelli.com\/br\/wp-json\/wp\/v2\/users\/1"}],"replies":[{"embeddable":true,"href":"http:\/\/allan-kelli.com\/br\/wp-json\/wp\/v2\/comments?post=40"}],"version-history":[{"count":10,"href":"http:\/\/allan-kelli.com\/br\/wp-json\/wp\/v2\/pages\/40\/revisions"}],"predecessor-version":[{"id":125,"href":"http:\/\/allan-kelli.com\/br\/wp-json\/wp\/v2\/pages\/40\/revisions\/125"}],"up":[{"embeddable":true,"href":"http:\/\/allan-kelli.com\/br\/wp-json\/wp\/v2\/pages\/32"}],"wp:attachment":[{"href":"http:\/\/allan-kelli.com\/br\/wp-json\/wp\/v2\/media?parent=40"}],"curies":[{"name":"wp","href":"https:\/\/api.w.org\/{rel}","templated":true}]}}