{"id":47,"date":"2016-02-10T01:19:36","date_gmt":"2016-02-10T01:19:36","guid":{"rendered":"http:\/\/allan-kelli.com\/br\/?page_id=47"},"modified":"2016-02-24T06:52:29","modified_gmt":"2016-02-24T06:52:29","slug":"o-pedido","status":"publish","type":"page","link":"http:\/\/allan-kelli.com\/br\/pt\/nossa-historia\/o-pedido\/","title":{"rendered":"O Pedido"},"content":{"rendered":"<p><span style=\"color: #333333;\">Hehehe&#8230;. \u00a0 \u00a0 \u00a0\u00a0Por essa ela n\u00e3o esperava!!!!!<\/span><br \/>\n<span style=\"color: #333333;\"> A Kelli nem imaginava que eu a pediria em casamento desse jeito. Ela mesmo falava que eu n\u00e3o precisava. (at\u00e9 porque n\u00f3s j\u00e1 sab\u00edamos que \u00edamos nos casar)<\/span><\/p>\n<p><span style=\"color: #333333;\">At\u00e9 onde eu sei, fazer pedidos de casamento assim em p\u00fablico n\u00e3o faz parte da cultura brasileira. Mesmo assim eu quis seguir essa tradi\u00e7\u00e3o americana, por\u00e9m, de maneira brasileira e muito bem feita. Ent\u00e3o, pensei na coisa que eu sei fazer de melhor, DAN\u00c7AR FORR\u00d3!<\/span><\/p>\n<p><span style=\"color: #333333;\">Combinei com o dono de um restaurante brasileiro em Houston de fazer uma apresenta\u00e7\u00e3o de forr\u00f3 para seus clientes (a Kelli seria minha companheira, \u00e9 claro). Ele abra\u00e7ou a ideia!! A Kelli nem suspeitava sobre a surpresa, porque ela sempre soube que eu tenho esse sonho de promover forr\u00f3 nos EUA.<\/span><\/p>\n<p><span style=\"color: #333333;\">Tive sorte de namorar uma menina t\u00e3o talentosa. Alguns dias ensaiando e\u00a0pronto.. ESPET\u00c1CULO!!<\/span><\/p>\n<p><span style=\"color: #333333;\">Bom, o resto voc\u00eas conferem no v\u00eddeo abaixo:<\/span><\/p>\n<p><span style=\"color: #333333;\"><iframe loading=\"lazy\" src=\"https:\/\/www.youtube.com\/embed\/r1rEhSmHxBo\" width=\"560\" height=\"315\" frameborder=\"0\" allowfullscreen=\"allowfullscreen\"><\/iframe><a style=\"color: #333333;\" href=\"http:\/\/allan-kelli.com\/us\/wp-content\/uploads\/sites\/4\/2016\/01\/IMG_6042.jpg\" rel=\"attachment wp-att-52\"><br \/>\n<\/a><a style=\"color: #333333;\" href=\"http:\/\/allan-kelli.com\/us\/wp-content\/uploads\/sites\/4\/2016\/01\/IMG_6047.jpg\" rel=\"attachment wp-att-53\"><br \/>\n<img loading=\"lazy\" decoding=\"async\" class=\"aligncenter size-large wp-image-53\" src=\"http:\/\/allan-kelli.com\/us\/wp-content\/uploads\/sites\/4\/2016\/01\/IMG_6047.jpg\" alt=\"IMG_6047\" width=\"710\" height=\"474\" \/><\/a><\/span><\/p>\n<p><span style=\"color: #333333;\"><a style=\"color: #333333;\" href=\"http:\/\/allan-kelli.com\/us\/wp-content\/uploads\/sites\/4\/2016\/01\/IMG_6042.jpg\" rel=\"attachment wp-att-52\"><img loading=\"lazy\" decoding=\"async\" class=\"aligncenter size-full wp-image-52\" src=\"http:\/\/allan-kelli.com\/us\/wp-content\/uploads\/sites\/4\/2016\/01\/IMG_6042.jpg\" alt=\"IMG_6042\" width=\"1000\" height=\"667\" \/><\/a><a style=\"color: #333333;\" href=\"http:\/\/allan-kelli.com\/us\/wp-content\/uploads\/sites\/4\/2016\/01\/IMG_6051.jpg\" rel=\"attachment wp-att-54\"><br \/>\n<img loading=\"lazy\" decoding=\"async\" class=\"aligncenter size-large wp-image-54\" src=\"http:\/\/allan-kelli.com\/us\/wp-content\/uploads\/sites\/4\/2016\/01\/IMG_6051.jpg\" alt=\"IMG_6051\" width=\"710\" height=\"474\" \/><\/a><\/span><\/p>\n<p>&nbsp;<\/p>\n","protected":false},"excerpt":{"rendered":"<p>Hehehe&#8230;. \u00a0 \u00a0 \u00a0\u00a0Por essa ela n\u00e3o esperava!!!!! A Kelli nem imaginava que eu a pediria em casamento desse jeito. Ela mesmo falava que eu n\u00e3o precisava. (at\u00e9 porque n\u00f3s j\u00e1 sab\u00edamos que \u00edamos nos casar) At\u00e9 onde eu sei,<\/p>\n","protected":false},"author":1,"featured_media":0,"parent":44,"menu_order":0,"comment_status":"closed","ping_status":"closed","template":"","meta":{"footnotes":""},"class_list":["post-47","page","type-page","status-publish","hentry"],"_links":{"self":[{"href":"http:\/\/allan-kelli.com\/br\/wp-json\/wp\/v2\/pages\/47","targetHints":{"allow":["GET"]}}],"collection":[{"href":"http:\/\/allan-kelli.com\/br\/wp-json\/wp\/v2\/pages"}],"about":[{"href":"http:\/\/allan-kelli.com\/br\/wp-json\/wp\/v2\/types\/page"}],"author":[{"embeddable":true,"href":"http:\/\/allan-kelli.com\/br\/wp-json\/wp\/v2\/users\/1"}],"replies":[{"embeddable":true,"href":"http:\/\/allan-kelli.com\/br\/wp-json\/wp\/v2\/comments?post=47"}],"version-history":[{"count":8,"href":"http:\/\/allan-kelli.com\/br\/wp-json\/wp\/v2\/pages\/47\/revisions"}],"predecessor-version":[{"id":128,"href":"http:\/\/allan-kelli.com\/br\/wp-json\/wp\/v2\/pages\/47\/revisions\/128"}],"up":[{"embeddable":true,"href":"http:\/\/allan-kelli.com\/br\/wp-json\/wp\/v2\/pages\/44"}],"wp:attachment":[{"href":"http:\/\/allan-kelli.com\/br\/wp-json\/wp\/v2\/media?parent=47"}],"curies":[{"name":"wp","href":"https:\/\/api.w.org\/{rel}","templated":true}]}}