{"id":53,"date":"2016-02-10T01:20:58","date_gmt":"2016-02-10T01:20:58","guid":{"rendered":"http:\/\/allan-kelli.com\/br\/?page_id=53"},"modified":"2016-06-27T05:09:23","modified_gmt":"2016-06-27T05:09:23","slug":"presentes","status":"publish","type":"page","link":"http:\/\/allan-kelli.com\/br\/pt\/presentes\/","title":{"rendered":"Presentes"},"content":{"rendered":"<p><span style=\"color: #333333;\">Sua amizade j\u00e1 \u00e9 um grande presente em nossas vidas!<\/span><br \/>\n<span style=\"color: #333333;\"> Por\u00e9m, ficar\u00edamos felizes e muito agradecidos se voc\u00ea quiser nos presentear.<\/span><\/p>\n<p><span style=\"color: #333333;\"><a style=\"color: #333333;\" href=\"http:\/\/allan-kelli.com\/br\/pt\/presentes\/deixe-uma-mensagem\/\" rel=\"attachment wp-att-95\"><img loading=\"lazy\" decoding=\"async\" class=\"aligncenter wp-image-95\" src=\"http:\/\/allan-kelli.com\/br\/wp-content\/uploads\/sites\/2\/2016\/02\/Nextpbr.jpg\" alt=\"Nextpbr\" width=\"213\" height=\"113\" \/><\/a><\/span><\/p>\n<p><span style=\"color: #333333;\">Se voc\u00ea j\u00e1 nos enviou uma mensagem e agora quer apenas nos enviar um presente, clique<\/span>\u00a0<a href=\"http:\/\/allan-kelli.com\/br\/pt\/presentes\/presentear-agora\/\">aqui<\/a>.<\/p>\n<p>&nbsp;<\/p>\n<p>&nbsp;<\/p>\n","protected":false},"excerpt":{"rendered":"<p><span style=\"color: #333333;\">Sua amizade j\u00e1 \u00e9 um grande presente em nossas vidas!<\/span><br \/>\n<span style=\"color: #333333;\"> Por\u00e9m, ficar\u00edamos felizes e muito agradecidos se voc\u00ea quiser nos presentear.<\/span><\/p>\n<p><span style=\"color: #333333;\"><a style=\"c...\n<\/p>\n","protected":false},"author":1,"featured_media":0,"parent":0,"menu_order":0,"comment_status":"closed","ping_status":"closed","template":"","meta":{"footnotes":""},"class_list":["post-53","page","type-page","status-publish","hentry"],"_links":{"self":[{"href":"http:\/\/allan-kelli.com\/br\/wp-json\/wp\/v2\/pages\/53","targetHints":{"allow":["GET"]}}],"collection":[{"href":"http:\/\/allan-kelli.com\/br\/wp-json\/wp\/v2\/pages"}],"about":[{"href":"http:\/\/allan-kelli.com\/br\/wp-json\/wp\/v2\/types\/page"}],"author":[{"embeddable":true,"href":"http:\/\/allan-kelli.com\/br\/wp-json\/wp\/v2\/users\/1"}],"replies":[{"embeddable":true,"href":"http:\/\/allan-kelli.com\/br\/wp-json\/wp\/v2\/comments?post=53"}],"version-history":[{"count":10,"href":"http:\/\/allan-kelli.com\/br\/wp-json\/wp\/v2\/pages\/53\/revisions"}],"predecessor-version":[{"id":159,"href":"http:\/\/allan-kelli.com\/br\/wp-json\/wp\/v2\/pages\/53\/revisions\/159"}],"wp:attachment":[{"href":"http:\/\/allan-kelli.com\/br\/wp-json\/wp\/v2\/media?parent=53"}],"curies":[{"name":"wp","href":"https:\/\/api.w.org\/{rel}","templated":true}]}}