{"id":60,"date":"2016-02-10T01:36:39","date_gmt":"2016-02-10T01:36:39","guid":{"rendered":"http:\/\/allan-kelli.com\/br\/?page_id=60"},"modified":"2016-04-12T08:02:50","modified_gmt":"2016-04-12T08:02:50","slug":"presentear-agora","status":"publish","type":"page","link":"http:\/\/allan-kelli.com\/br\/pt\/presentes\/presentear-agora\/","title":{"rendered":"Presentear agora"},"content":{"rendered":"<p><!-- INICIO FORMULARIO BOTAO PAGSEGURO --><\/p>\n<form action=\"https:\/\/pagseguro.uol.com.br\/checkout\/v2\/donation.html\" method=\"post\"><!-- N\u00c3O EDITE OS COMANDOS DAS LINHAS ABAIXO --><img loading=\"lazy\" decoding=\"async\" class=\"size-full wp-image-149 alignleft\" src=\"http:\/\/allan-kelli.com\/br\/wp-content\/uploads\/sites\/2\/2016\/02\/space.jpg\" alt=\"space\" width=\"100\" height=\"100\" srcset=\"http:\/\/allan-kelli.com\/br\/wp-content\/uploads\/sites\/2\/2016\/02\/space.jpg 100w, http:\/\/allan-kelli.com\/br\/wp-content\/uploads\/sites\/2\/2016\/02\/space-53x53.jpg 53w\" sizes=\"auto, (max-width: 100px) 100vw, 100px\" \/><br \/>\n<input name=\"currency\" type=\"hidden\" value=\"BRL\" \/><br \/>\n<input name=\"receiverEmail\" type=\"hidden\" value=\"allan.e.kelli@gmail.com\" \/><br \/>\n<input alt=\"Pague com PagSeguro - \u00e9 r\u00e1pido, gr\u00e1tis e seguro!\" name=\"submit\" src=\"https:\/\/stc.pagseguro.uol.com.br\/public\/img\/botoes\/doacoes\/209x48-doar-roxo-assina.gif\" type=\"image\" \/><\/form>\n<p style=\"text-align: center;\"><!-- FINAL FORMULARIO BOTAO PAGSEGURO --><\/p>\n<p>&nbsp;<\/p>\n<p>&nbsp;<\/p>\n<p>&nbsp;<\/p>\n","protected":false},"excerpt":{"rendered":"<p><!-- INICIO FORMULARIO BOTAO PAGSEGURO --><\/p>\n<form action=\"https:\/\/pagseguro.uol.com.br\/checkout\/v2\/donation.html\" method=\"post\"><!-- N\u00c3O EDITE OS COMANDOS DAS LINHAS ABAIXO --><img decoding=\"async\" class=\"size-full wp-image-149 alignleft\" src=\"http:\/\/allan-kelli.co...\n<\/p>\n","protected":false},"author":1,"featured_media":0,"parent":53,"menu_order":0,"comment_status":"closed","ping_status":"closed","template":"","meta":{"footnotes":""},"class_list":["post-60","page","type-page","status-publish","hentry"],"_links":{"self":[{"href":"http:\/\/allan-kelli.com\/br\/wp-json\/wp\/v2\/pages\/60","targetHints":{"allow":["GET"]}}],"collection":[{"href":"http:\/\/allan-kelli.com\/br\/wp-json\/wp\/v2\/pages"}],"about":[{"href":"http:\/\/allan-kelli.com\/br\/wp-json\/wp\/v2\/types\/page"}],"author":[{"embeddable":true,"href":"http:\/\/allan-kelli.com\/br\/wp-json\/wp\/v2\/users\/1"}],"replies":[{"embeddable":true,"href":"http:\/\/allan-kelli.com\/br\/wp-json\/wp\/v2\/comments?post=60"}],"version-history":[{"count":10,"href":"http:\/\/allan-kelli.com\/br\/wp-json\/wp\/v2\/pages\/60\/revisions"}],"predecessor-version":[{"id":151,"href":"http:\/\/allan-kelli.com\/br\/wp-json\/wp\/v2\/pages\/60\/revisions\/151"}],"up":[{"embeddable":true,"href":"http:\/\/allan-kelli.com\/br\/wp-json\/wp\/v2\/pages\/53"}],"wp:attachment":[{"href":"http:\/\/allan-kelli.com\/br\/wp-json\/wp\/v2\/media?parent=60"}],"curies":[{"name":"wp","href":"https:\/\/api.w.org\/{rel}","templated":true}]}}